{"id":1060,"date":"2016-01-18T13:31:24","date_gmt":"2016-01-18T12:31:24","guid":{"rendered":"https:\/\/www.mitscherlich.de\/office\/"},"modified":"2025-01-30T11:13:23","modified_gmt":"2025-01-30T10:13:23","slug":"ueber-uns","status":"publish","type":"page","link":"https:\/\/www.mitscherlich.de\/de\/ueber-uns\/","title":{"rendered":"\u00dcber uns"},"content":{"rendered":"<p>Mitscherlich bietet seit 1896 juristische Dienstleistungen im Bereich des geistigen Eigentums an. Heute baut ein dynamisches Team von Anw\u00e4lten auf dieser reichen Tradition auf, um das geistige Eigentum unserer Mandanten f\u00fcr die Herausforderungen der Zukunft wirksam zu sch\u00fctzen.<\/p>\n<p>Einige Mandanten vertrauen Mitscherlich seit mehr als 50 Jahren, unsere Anw\u00e4lte haben sie bei der Umwandlung von kleinen Unternehmen in gro\u00dfe internationale Konzerne beraten. Mitscherlich ist stolz darauf, diese langen Erfolgsgeschichten &#8211; von bahnbrechenden patentierten Erfindungen und ber\u00fchmten Marken &#8211; mit seinen Mandanten zu teilen. W\u00e4hrend sich das Tempo der industriellen Innovation st\u00e4ndig beschleunigt, ist unser Grundsatz, Kontinuit\u00e4t zu gew\u00e4hrleisten, seit mehr als 100 Jahren im Wesentlichen gleich geblieben.<\/p>\n","protected":false},"excerpt":{"rendered":"<p>Mitscherlich bietet seit 1896 juristische Dienstleistungen im Bereich des geistigen Eigentums an. Heute baut ein dynamisches Team von Anw\u00e4lten auf dieser reichen Tradition auf, um das geistige Eigentum unserer Mandanten f\u00fcr die Herausforderungen der Zukunft wirksam zu sch\u00fctzen. Einige Mandanten vertrauen Mitscherlich seit mehr als 50 Jahren, unsere Anw\u00e4lte haben sie bei der Umwandlung von&#8230; <a class=\"read-more\" href=\"https:\/\/www.mitscherlich.de\/de\/ueber-uns\/\">more<\/a><\/p>\n","protected":false},"author":1,"featured_media":0,"parent":0,"menu_order":0,"comment_status":"closed","ping_status":"closed","template":"page-templates\/office-template.php","meta":{"_acf_changed":false,"footnotes":""},"class_list":["post-1060","page","type-page","status-publish","hentry"],"acf":[],"yoast_head":"<!-- This site is optimized with the Yoast SEO plugin v27.4 - https:\/\/yoast.com\/product\/yoast-seo-wordpress\/ -->\n<title>\u00dcber uns - MITSCHERLICH | Patent- und Rechtsanw\u00e4lte Partnerschaft mbB<\/title>\n<meta name=\"robots\" content=\"index, follow, max-snippet:-1, max-image-preview:large, max-video-preview:-1\" \/>\n<link rel=\"canonical\" href=\"https:\/\/www.mitscherlich.de\/de\/ueber-uns\/\" \/>\n<meta property=\"og:locale\" content=\"de_DE\" \/>\n<meta property=\"og:type\" content=\"article\" \/>\n<meta property=\"og:title\" content=\"\u00dcber uns - MITSCHERLICH | Patent- und Rechtsanw\u00e4lte Partnerschaft mbB\" \/>\n<meta property=\"og:description\" content=\"Mitscherlich bietet seit 1896 juristische Dienstleistungen im Bereich des geistigen Eigentums an. Heute baut ein dynamisches Team von Anw\u00e4lten auf dieser reichen Tradition auf, um das geistige Eigentum unserer Mandanten f\u00fcr die Herausforderungen der Zukunft wirksam zu sch\u00fctzen. Einige Mandanten vertrauen Mitscherlich seit mehr als 50 Jahren, unsere Anw\u00e4lte haben sie bei der Umwandlung von... more\" \/>\n<meta property=\"og:url\" content=\"https:\/\/www.mitscherlich.de\/de\/ueber-uns\/\" \/>\n<meta property=\"og:site_name\" content=\"MITSCHERLICH | Patent- und Rechtsanw\u00e4lte Partnerschaft mbB\" \/>\n<meta property=\"article:modified_time\" content=\"2025-01-30T10:13:23+00:00\" \/>\n<meta name=\"twitter:card\" content=\"summary_large_image\" \/>\n<meta name=\"twitter:label1\" content=\"Gesch\u00e4tzte Lesezeit\" \/>\n\t<meta name=\"twitter:data1\" content=\"1\u00a0Minute\" \/>\n<script type=\"application\/ld+json\" class=\"yoast-schema-graph\">{\"@context\":\"https:\\\/\\\/schema.org\",\"@graph\":[{\"@type\":\"WebPage\",\"@id\":\"https:\\\/\\\/www.mitscherlich.de\\\/de\\\/ueber-uns\\\/\",\"url\":\"https:\\\/\\\/www.mitscherlich.de\\\/de\\\/ueber-uns\\\/\",\"name\":\"\u00dcber uns - MITSCHERLICH | Patent- und Rechtsanw\u00e4lte Partnerschaft mbB\",\"isPartOf\":{\"@id\":\"https:\\\/\\\/www.mitscherlich.de\\\/de\\\/#website\"},\"datePublished\":\"2016-01-18T12:31:24+00:00\",\"dateModified\":\"2025-01-30T10:13:23+00:00\",\"breadcrumb\":{\"@id\":\"https:\\\/\\\/www.mitscherlich.de\\\/de\\\/ueber-uns\\\/#breadcrumb\"},\"inLanguage\":\"de\",\"potentialAction\":[{\"@type\":\"ReadAction\",\"target\":[\"https:\\\/\\\/www.mitscherlich.de\\\/de\\\/ueber-uns\\\/\"]}]},{\"@type\":\"BreadcrumbList\",\"@id\":\"https:\\\/\\\/www.mitscherlich.de\\\/de\\\/ueber-uns\\\/#breadcrumb\",\"itemListElement\":[{\"@type\":\"ListItem\",\"position\":1,\"name\":\"Home\",\"item\":\"https:\\\/\\\/www.mitscherlich.de\\\/de\\\/home\\\/\"},{\"@type\":\"ListItem\",\"position\":2,\"name\":\"\u00dcber uns\"}]},{\"@type\":\"WebSite\",\"@id\":\"https:\\\/\\\/www.mitscherlich.de\\\/de\\\/#website\",\"url\":\"https:\\\/\\\/www.mitscherlich.de\\\/de\\\/\",\"name\":\"MITSCHERLICH | Patent- und Rechtsanw\u00e4lte Partnerschaft mbB\",\"description\":\"\",\"potentialAction\":[{\"@type\":\"SearchAction\",\"target\":{\"@type\":\"EntryPoint\",\"urlTemplate\":\"https:\\\/\\\/www.mitscherlich.de\\\/de\\\/?s={search_term_string}\"},\"query-input\":{\"@type\":\"PropertyValueSpecification\",\"valueRequired\":true,\"valueName\":\"search_term_string\"}}],\"inLanguage\":\"de\"}]}<\/script>\n<!-- \/ Yoast SEO plugin. -->","yoast_head_json":{"title":"\u00dcber uns - MITSCHERLICH | Patent- und Rechtsanw\u00e4lte Partnerschaft mbB","robots":{"index":"index","follow":"follow","max-snippet":"max-snippet:-1","max-image-preview":"max-image-preview:large","max-video-preview":"max-video-preview:-1"},"canonical":"https:\/\/www.mitscherlich.de\/de\/ueber-uns\/","og_locale":"de_DE","og_type":"article","og_title":"\u00dcber uns - MITSCHERLICH | Patent- und Rechtsanw\u00e4lte Partnerschaft mbB","og_description":"Mitscherlich bietet seit 1896 juristische Dienstleistungen im Bereich des geistigen Eigentums an. Heute baut ein dynamisches Team von Anw\u00e4lten auf dieser reichen Tradition auf, um das geistige Eigentum unserer Mandanten f\u00fcr die Herausforderungen der Zukunft wirksam zu sch\u00fctzen. Einige Mandanten vertrauen Mitscherlich seit mehr als 50 Jahren, unsere Anw\u00e4lte haben sie bei der Umwandlung von... more","og_url":"https:\/\/www.mitscherlich.de\/de\/ueber-uns\/","og_site_name":"MITSCHERLICH | Patent- und Rechtsanw\u00e4lte Partnerschaft mbB","article_modified_time":"2025-01-30T10:13:23+00:00","twitter_card":"summary_large_image","twitter_misc":{"Gesch\u00e4tzte Lesezeit":"1\u00a0Minute"},"schema":{"@context":"https:\/\/schema.org","@graph":[{"@type":"WebPage","@id":"https:\/\/www.mitscherlich.de\/de\/ueber-uns\/","url":"https:\/\/www.mitscherlich.de\/de\/ueber-uns\/","name":"\u00dcber uns - MITSCHERLICH | Patent- und Rechtsanw\u00e4lte Partnerschaft mbB","isPartOf":{"@id":"https:\/\/www.mitscherlich.de\/de\/#website"},"datePublished":"2016-01-18T12:31:24+00:00","dateModified":"2025-01-30T10:13:23+00:00","breadcrumb":{"@id":"https:\/\/www.mitscherlich.de\/de\/ueber-uns\/#breadcrumb"},"inLanguage":"de","potentialAction":[{"@type":"ReadAction","target":["https:\/\/www.mitscherlich.de\/de\/ueber-uns\/"]}]},{"@type":"BreadcrumbList","@id":"https:\/\/www.mitscherlich.de\/de\/ueber-uns\/#breadcrumb","itemListElement":[{"@type":"ListItem","position":1,"name":"Home","item":"https:\/\/www.mitscherlich.de\/de\/home\/"},{"@type":"ListItem","position":2,"name":"\u00dcber uns"}]},{"@type":"WebSite","@id":"https:\/\/www.mitscherlich.de\/de\/#website","url":"https:\/\/www.mitscherlich.de\/de\/","name":"MITSCHERLICH | Patent- und Rechtsanw\u00e4lte Partnerschaft mbB","description":"","potentialAction":[{"@type":"SearchAction","target":{"@type":"EntryPoint","urlTemplate":"https:\/\/www.mitscherlich.de\/de\/?s={search_term_string}"},"query-input":{"@type":"PropertyValueSpecification","valueRequired":true,"valueName":"search_term_string"}}],"inLanguage":"de"}]}},"_links":{"self":[{"href":"https:\/\/www.mitscherlich.de\/de\/wp-json\/wp\/v2\/pages\/1060","targetHints":{"allow":["GET"]}}],"collection":[{"href":"https:\/\/www.mitscherlich.de\/de\/wp-json\/wp\/v2\/pages"}],"about":[{"href":"https:\/\/www.mitscherlich.de\/de\/wp-json\/wp\/v2\/types\/page"}],"author":[{"embeddable":true,"href":"https:\/\/www.mitscherlich.de\/de\/wp-json\/wp\/v2\/users\/1"}],"replies":[{"embeddable":true,"href":"https:\/\/www.mitscherlich.de\/de\/wp-json\/wp\/v2\/comments?post=1060"}],"version-history":[{"count":10,"href":"https:\/\/www.mitscherlich.de\/de\/wp-json\/wp\/v2\/pages\/1060\/revisions"}],"predecessor-version":[{"id":1382,"href":"https:\/\/www.mitscherlich.de\/de\/wp-json\/wp\/v2\/pages\/1060\/revisions\/1382"}],"wp:attachment":[{"href":"https:\/\/www.mitscherlich.de\/de\/wp-json\/wp\/v2\/media?parent=1060"}],"curies":[{"name":"wp","href":"https:\/\/api.w.org\/{rel}","templated":true}]}}