{"id":1075,"date":"2016-01-18T16:16:21","date_gmt":"2016-01-18T15:16:21","guid":{"rendered":"https:\/\/www.mitscherlich.de\/general-terms-and-conditions\/"},"modified":"2024-02-29T11:48:05","modified_gmt":"2024-02-29T10:48:05","slug":"general-terms-and-conditions","status":"publish","type":"page","link":"https:\/\/www.mitscherlich.de\/de\/general-terms-and-conditions\/","title":{"rendered":"Allgemeine Gesch\u00e4ftsbedingungen"},"content":{"rendered":"<p><strong>1. Anwendungsbereich<\/strong><br \/>\nMitscherlich erbringt alle Lieferungen und Leistungen ausschlie\u00dflich auf der Grundlage dieser Gesch\u00e4ftsbedingungen. Sie gelten f\u00fcr alle k\u00fcnftigen Gesch\u00e4ftsbeziehungen, auch wenn nicht nochmals ausdr\u00fccklich auf sie Bezug genommen wird. Andere Allgemeine Gesch\u00e4ftsbedingungen werden nicht Vertragsbestandteil, auch wenn ihnen nicht ausdr\u00fccklich widersprochen wurde.<\/p>\n<p><strong>2. Grundlage des Vertrags<\/strong><br \/>\nAlle Vereinbarungen, einschlie\u00dflich Nebenabreden und Erg\u00e4nzungen, bed\u00fcrfen der Schriftform oder der ausdr\u00fccklichen schriftlichen Best\u00e4tigung durch Mitscherlich.<\/p>\n<p><strong>3. Geb\u00fchren<\/strong><br \/>\nDie angegebenen Grundgeb\u00fchren decken die Geb\u00fchren f\u00fcr die \u00dcbernahme der Vertretung, einschlie\u00dflich der Reservierung f\u00fcr einen Fall, die F\u00fchrung der Gesch\u00e4fte und die Verf\u00fcgbarkeit der Organisation des B\u00fcros von Mitscherlich. Die Grundgeb\u00fchren sind bei Eingang einer Bestellung f\u00e4llig. Sie sind auch dann nicht zu erstatten, wenn der Auftrag sp\u00e4ter aufgehoben wird oder Mitscherlich sein Mandat vor Abschluss des Verfahrens zur\u00fcckzieht. Zus\u00e4tzlich zu den Grundgeb\u00fchren werden je nach Zeit- und Arbeitsaufwand Bearbeitungsgeb\u00fchren f\u00fcr die technische und juristische Bearbeitung eines Falles erhoben. Sie umfassen insbesondere: Konferenzen, Korrespondenz, Studium und Bearbeitung von Dokumenten, Vorbereitung und Einreichung von Schrifts\u00e4tzen und Beschreibungen, Teilnahme an Anh\u00f6rungen, Reaktion auf beh\u00f6rdliche Ma\u00dfnahmen, Anfertigung von Zeichnungen<\/p>\n<p>Zus\u00e4tzlich zu den Anwaltskosten wird, soweit vorgeschrieben, auch die gesetzliche Mehrwertsteuer erhoben.<\/p>\n<p>Die Anwaltskosten im Zusammenhang mit Jahres- oder Verl\u00e4ngerungsgeb\u00fchren decken die Kosten f\u00fcr die Zahlung der Geb\u00fchr, f\u00fcr die Vertretung und f\u00fcr die \u00dcberwachung der Geb\u00fchren bis zur n\u00e4chsten F\u00e4lligkeit sowie f\u00fcr die Mahnung der n\u00e4chsten f\u00e4lligen Geb\u00fchr ab.<\/p>\n<p><strong>4. Haftung<\/strong><br \/>\nMitscherlich haftet bis zu einem Betrag von EUR 10.000.000,00, es sei denn, Mitscherlich hat Vorsatz oder grobe Fahrl\u00e4ssigkeit zu vertreten.<\/p>\n<p><strong>5. Sonstige Bestimmungen<\/strong><br \/>\nErf\u00fcllungsort und Gerichtsstand ist M\u00fcnchen.<\/p>\n<p><strong>6. Allgemeine Informationspflicht nach \u00a7 36 VSBG<\/strong><br \/>\nMitscherlich beteiligt sich nicht an Streitbeilegungsverfahren vor einer Verbraucherschlichtungsstelle.<\/p>\n","protected":false},"excerpt":{"rendered":"<p>1. Anwendungsbereich Mitscherlich erbringt alle Lieferungen und Leistungen ausschlie\u00dflich auf der Grundlage dieser Gesch\u00e4ftsbedingungen. Sie gelten f\u00fcr alle k\u00fcnftigen Gesch\u00e4ftsbeziehungen, auch wenn nicht nochmals ausdr\u00fccklich auf sie Bezug genommen wird. Andere Allgemeine Gesch\u00e4ftsbedingungen werden nicht Vertragsbestandteil, auch wenn ihnen nicht ausdr\u00fccklich widersprochen wurde. 2. Grundlage des Vertrags Alle Vereinbarungen, einschlie\u00dflich Nebenabreden und Erg\u00e4nzungen, bed\u00fcrfen der&#8230; <a class=\"read-more\" href=\"https:\/\/www.mitscherlich.de\/de\/general-terms-and-conditions\/\">more<\/a><\/p>\n","protected":false},"author":1,"featured_media":0,"parent":0,"menu_order":0,"comment_status":"closed","ping_status":"closed","template":"","meta":{"_acf_changed":false,"footnotes":""},"class_list":["post-1075","page","type-page","status-publish","hentry"],"acf":[],"yoast_head":"<!-- This site is optimized with the Yoast SEO plugin v27.4 - https:\/\/yoast.com\/product\/yoast-seo-wordpress\/ -->\n<title>Allgemeine Gesch\u00e4ftsbedingungen - MITSCHERLICH | Patent- und Rechtsanw\u00e4lte Partnerschaft mbB<\/title>\n<meta name=\"robots\" content=\"index, follow, max-snippet:-1, max-image-preview:large, max-video-preview:-1\" \/>\n<link rel=\"canonical\" href=\"https:\/\/www.mitscherlich.de\/de\/general-terms-and-conditions\/\" \/>\n<meta property=\"og:locale\" content=\"de_DE\" \/>\n<meta property=\"og:type\" content=\"article\" \/>\n<meta property=\"og:title\" content=\"Allgemeine Gesch\u00e4ftsbedingungen - MITSCHERLICH | Patent- und Rechtsanw\u00e4lte Partnerschaft mbB\" \/>\n<meta property=\"og:description\" content=\"1. Anwendungsbereich Mitscherlich erbringt alle Lieferungen und Leistungen ausschlie\u00dflich auf der Grundlage dieser Gesch\u00e4ftsbedingungen. Sie gelten f\u00fcr alle k\u00fcnftigen Gesch\u00e4ftsbeziehungen, auch wenn nicht nochmals ausdr\u00fccklich auf sie Bezug genommen wird. Andere Allgemeine Gesch\u00e4ftsbedingungen werden nicht Vertragsbestandteil, auch wenn ihnen nicht ausdr\u00fccklich widersprochen wurde. 2. Grundlage des Vertrags Alle Vereinbarungen, einschlie\u00dflich Nebenabreden und Erg\u00e4nzungen, bed\u00fcrfen der... more\" \/>\n<meta property=\"og:url\" content=\"https:\/\/www.mitscherlich.de\/de\/general-terms-and-conditions\/\" \/>\n<meta property=\"og:site_name\" content=\"MITSCHERLICH | Patent- und Rechtsanw\u00e4lte Partnerschaft mbB\" \/>\n<meta property=\"article:modified_time\" content=\"2024-02-29T10:48:05+00:00\" \/>\n<meta name=\"twitter:card\" content=\"summary_large_image\" \/>\n<meta name=\"twitter:label1\" content=\"Gesch\u00e4tzte Lesezeit\" \/>\n\t<meta name=\"twitter:data1\" content=\"2\u00a0Minuten\" \/>\n<script type=\"application\/ld+json\" class=\"yoast-schema-graph\">{\"@context\":\"https:\\\/\\\/schema.org\",\"@graph\":[{\"@type\":\"WebPage\",\"@id\":\"https:\\\/\\\/www.mitscherlich.de\\\/de\\\/general-terms-and-conditions\\\/\",\"url\":\"https:\\\/\\\/www.mitscherlich.de\\\/de\\\/general-terms-and-conditions\\\/\",\"name\":\"Allgemeine Gesch\u00e4ftsbedingungen - MITSCHERLICH | Patent- und Rechtsanw\u00e4lte Partnerschaft mbB\",\"isPartOf\":{\"@id\":\"https:\\\/\\\/www.mitscherlich.de\\\/de\\\/#website\"},\"datePublished\":\"2016-01-18T15:16:21+00:00\",\"dateModified\":\"2024-02-29T10:48:05+00:00\",\"breadcrumb\":{\"@id\":\"https:\\\/\\\/www.mitscherlich.de\\\/de\\\/general-terms-and-conditions\\\/#breadcrumb\"},\"inLanguage\":\"de\",\"potentialAction\":[{\"@type\":\"ReadAction\",\"target\":[\"https:\\\/\\\/www.mitscherlich.de\\\/de\\\/general-terms-and-conditions\\\/\"]}]},{\"@type\":\"BreadcrumbList\",\"@id\":\"https:\\\/\\\/www.mitscherlich.de\\\/de\\\/general-terms-and-conditions\\\/#breadcrumb\",\"itemListElement\":[{\"@type\":\"ListItem\",\"position\":1,\"name\":\"Home\",\"item\":\"https:\\\/\\\/www.mitscherlich.de\\\/de\\\/home\\\/\"},{\"@type\":\"ListItem\",\"position\":2,\"name\":\"Allgemeine Gesch\u00e4ftsbedingungen\"}]},{\"@type\":\"WebSite\",\"@id\":\"https:\\\/\\\/www.mitscherlich.de\\\/de\\\/#website\",\"url\":\"https:\\\/\\\/www.mitscherlich.de\\\/de\\\/\",\"name\":\"MITSCHERLICH | Patent- und Rechtsanw\u00e4lte Partnerschaft mbB\",\"description\":\"\",\"potentialAction\":[{\"@type\":\"SearchAction\",\"target\":{\"@type\":\"EntryPoint\",\"urlTemplate\":\"https:\\\/\\\/www.mitscherlich.de\\\/de\\\/?s={search_term_string}\"},\"query-input\":{\"@type\":\"PropertyValueSpecification\",\"valueRequired\":true,\"valueName\":\"search_term_string\"}}],\"inLanguage\":\"de\"}]}<\/script>\n<!-- \/ Yoast SEO plugin. -->","yoast_head_json":{"title":"Allgemeine Gesch\u00e4ftsbedingungen - MITSCHERLICH | Patent- und Rechtsanw\u00e4lte Partnerschaft mbB","robots":{"index":"index","follow":"follow","max-snippet":"max-snippet:-1","max-image-preview":"max-image-preview:large","max-video-preview":"max-video-preview:-1"},"canonical":"https:\/\/www.mitscherlich.de\/de\/general-terms-and-conditions\/","og_locale":"de_DE","og_type":"article","og_title":"Allgemeine Gesch\u00e4ftsbedingungen - MITSCHERLICH | Patent- und Rechtsanw\u00e4lte Partnerschaft mbB","og_description":"1. Anwendungsbereich Mitscherlich erbringt alle Lieferungen und Leistungen ausschlie\u00dflich auf der Grundlage dieser Gesch\u00e4ftsbedingungen. Sie gelten f\u00fcr alle k\u00fcnftigen Gesch\u00e4ftsbeziehungen, auch wenn nicht nochmals ausdr\u00fccklich auf sie Bezug genommen wird. Andere Allgemeine Gesch\u00e4ftsbedingungen werden nicht Vertragsbestandteil, auch wenn ihnen nicht ausdr\u00fccklich widersprochen wurde. 2. Grundlage des Vertrags Alle Vereinbarungen, einschlie\u00dflich Nebenabreden und Erg\u00e4nzungen, bed\u00fcrfen der... more","og_url":"https:\/\/www.mitscherlich.de\/de\/general-terms-and-conditions\/","og_site_name":"MITSCHERLICH | Patent- und Rechtsanw\u00e4lte Partnerschaft mbB","article_modified_time":"2024-02-29T10:48:05+00:00","twitter_card":"summary_large_image","twitter_misc":{"Gesch\u00e4tzte Lesezeit":"2\u00a0Minuten"},"schema":{"@context":"https:\/\/schema.org","@graph":[{"@type":"WebPage","@id":"https:\/\/www.mitscherlich.de\/de\/general-terms-and-conditions\/","url":"https:\/\/www.mitscherlich.de\/de\/general-terms-and-conditions\/","name":"Allgemeine Gesch\u00e4ftsbedingungen - MITSCHERLICH | Patent- und Rechtsanw\u00e4lte Partnerschaft mbB","isPartOf":{"@id":"https:\/\/www.mitscherlich.de\/de\/#website"},"datePublished":"2016-01-18T15:16:21+00:00","dateModified":"2024-02-29T10:48:05+00:00","breadcrumb":{"@id":"https:\/\/www.mitscherlich.de\/de\/general-terms-and-conditions\/#breadcrumb"},"inLanguage":"de","potentialAction":[{"@type":"ReadAction","target":["https:\/\/www.mitscherlich.de\/de\/general-terms-and-conditions\/"]}]},{"@type":"BreadcrumbList","@id":"https:\/\/www.mitscherlich.de\/de\/general-terms-and-conditions\/#breadcrumb","itemListElement":[{"@type":"ListItem","position":1,"name":"Home","item":"https:\/\/www.mitscherlich.de\/de\/home\/"},{"@type":"ListItem","position":2,"name":"Allgemeine Gesch\u00e4ftsbedingungen"}]},{"@type":"WebSite","@id":"https:\/\/www.mitscherlich.de\/de\/#website","url":"https:\/\/www.mitscherlich.de\/de\/","name":"MITSCHERLICH | Patent- und Rechtsanw\u00e4lte Partnerschaft mbB","description":"","potentialAction":[{"@type":"SearchAction","target":{"@type":"EntryPoint","urlTemplate":"https:\/\/www.mitscherlich.de\/de\/?s={search_term_string}"},"query-input":{"@type":"PropertyValueSpecification","valueRequired":true,"valueName":"search_term_string"}}],"inLanguage":"de"}]}},"_links":{"self":[{"href":"https:\/\/www.mitscherlich.de\/de\/wp-json\/wp\/v2\/pages\/1075","targetHints":{"allow":["GET"]}}],"collection":[{"href":"https:\/\/www.mitscherlich.de\/de\/wp-json\/wp\/v2\/pages"}],"about":[{"href":"https:\/\/www.mitscherlich.de\/de\/wp-json\/wp\/v2\/types\/page"}],"author":[{"embeddable":true,"href":"https:\/\/www.mitscherlich.de\/de\/wp-json\/wp\/v2\/users\/1"}],"replies":[{"embeddable":true,"href":"https:\/\/www.mitscherlich.de\/de\/wp-json\/wp\/v2\/comments?post=1075"}],"version-history":[{"count":5,"href":"https:\/\/www.mitscherlich.de\/de\/wp-json\/wp\/v2\/pages\/1075\/revisions"}],"predecessor-version":[{"id":1285,"href":"https:\/\/www.mitscherlich.de\/de\/wp-json\/wp\/v2\/pages\/1075\/revisions\/1285"}],"wp:attachment":[{"href":"https:\/\/www.mitscherlich.de\/de\/wp-json\/wp\/v2\/media?parent=1075"}],"curies":[{"name":"wp","href":"https:\/\/api.w.org\/{rel}","templated":true}]}}