{"id":1082,"date":"2016-01-18T16:15:37","date_gmt":"2016-01-18T15:15:37","guid":{"rendered":"https:\/\/www.mitscherlich.de\/imprint\/"},"modified":"2024-02-29T11:47:34","modified_gmt":"2024-02-29T10:47:34","slug":"impressum","status":"publish","type":"page","link":"https:\/\/www.mitscherlich.de\/de\/impressum\/","title":{"rendered":"Impressum &#8211; Rechtliche Hinweise"},"content":{"rendered":"<p>Das gesamte Design, alle Texte, Grafiken sowie deren Auswahl und Anordnung sind urheberrechtlich gesch\u00fctzt.<\/p>\n<p>Die folgenden Informationen werden im Hinblick auf die Bestimmungen des deutschen Telemediengesetzes gegeben.<\/p>\n<p>Die Kanzlei ist als Partnerschaft mit beschr\u00e4nkter Berufshaftung (PartmbB) nach dem deutschen Partnerschaftsgesellschaftsgesetz (PartGG) organisiert. Die Gesellschaft ist beim Amtsgericht M\u00fcnchen unter der Registernummer PR50. eingetragen. Gesetzlicher Vertreter: Dr. Markus Graf<br \/>\nDie deutsche Umsatzsteuer-Identifikationsnummer des Unternehmens lautet DE 13 000 4995<\/p>\n<p>Der Inhalt dieser Website wurde ausschlie\u00dflich zu Informationszwecken erstellt und darf nicht als Rechtsberatung oder Rechtsgutachten zu bestimmten Tatsachen oder Umst\u00e4nden ausgelegt werden. Durch die \u00dcbermittlung und den Empfang von Informationen soll kein Mandatsverh\u00e4ltnis zwischen dem Absender und dem Empf\u00e4nger begr\u00fcndet werden. Die Leser sollten nicht auf der Grundlage dieser Informationen handeln, ohne professionellen Rat einzuholen. Soweit Links zu externen Webseiten bestehen, wird keine Verantwortung f\u00fcr den Inhalt dieser Webseiten \u00fcbernommen.<\/p>\n<p>Die deutschen Patentanw\u00e4lte sind beim Deutschen Patent- und Markenamt eingetragen und Mitglieder der Patentanwaltskammer<br \/>\n(<a href=\"https:\/\/www.patentanwalt.de\/de\/\" target=\"_blank\" rel=\"noopener\">www.patentanwaltskammer.de<\/a>). Die deutschen Patentanw\u00e4lte unterliegen den Berufsregeln der Patentanwaltsordnung (BGBl. I 1966, 557, BGBl. I 2001, 3656) und der Berufsordnung der Patentanw\u00e4lte (Mitt. 1997, 243). Sie sind auch Mitglieder der F\u00e9d\u00e9ration Internationale des Conseils en Propri\u00e9t\u00e9 Industrielle und unterliegen als solche dem dortigen Verhaltenskodex (<a href=\"https:\/\/ficpi.org\/\" target=\"_blank\" rel=\"noopener\">www.ficpi.org<\/a>).<\/p>\n<p>Europ\u00e4ische Patentanw\u00e4lte sind beim Europ\u00e4ischen Patentamt registriert. Als Mitglieder des Europ\u00e4ischen Patentinstituts (<a href=\"https:\/\/patentepi.com\/en\/\" target=\"_blank\" rel=\"noopener\">www.patentepi.com<\/a>) unterliegen sie den Standesregeln (epi-Information 2\/2001, 75) und der vom Verwaltungsrat der Europ\u00e4ischen Patentorganisation erlassenen Disziplinarordnung.<\/p>\n<p>Die europ\u00e4ischen Marken- und Geschmacksmusteranw\u00e4lte sind beim Harmonisierungsamt f\u00fcr den Binnenmarkt eingetragen. Sie unterliegen den Vorschriften der Verordnung des Rates \u00fcber die Gemeinschaftsmarke.<\/p>\n<p>Deutsche Rechtsanw\u00e4lte sind Mitglieder der Rechtsanwaltskammer M\u00fcnchen (<a href=\"https:\/\/rak-muenchen.de\/\" target=\"_blank\" rel=\"noopener\">www.rechtsanwaltskammer-muenchen.de<\/a>), sofern nicht anders angegeben. Sie unterliegen der Bundesrechtsanwaltsordnung, der Berufsordnung der Rechtsanw\u00e4lte und der Bundesrechtsanwaltsgeb\u00fchrenordnung (<a href=\"https:\/\/www.brak.de\/\" target=\"_blank\" rel=\"noopener\">www.brak.de<\/a>) . Au\u00dferdem ist der vom Rat der Anwaltschaften der Europ\u00e4ischen Gemeinschaft herausgegebene Verhaltenskodex f\u00fcr Rechtsanw\u00e4lte in der Europ\u00e4ischen Gemeinschaft (<a href=\"https:\/\/www.ccbe.eu\/index.php?id=12&amp;L=0\" target=\"_blank\" rel=\"noopener\">www.ccbe.org<\/a>) gilt f\u00fcr alle Rechtsanw\u00e4lte.<\/p>\n<p>Professional liability insurance: Allianz Versicherungs-Aktiengesellschaft, K\u00f6niginstra\u00dfe 28, 80802 Munich, Germany, with no territorial restriction.<\/p>\n<p><strong>Allgemeine Informationspflicht nach \u00a7 36 VSBG:<\/strong><\/p>\n<p>Mitscherlich beteiligt sich nicht an Streitbeilegungsverfahren vor einer Verbraucherschlichtungsstelle.<\/p>\n<p>F\u00fcr weitere Informationen wenden Sie sich bitte an Dr. Markus Graf.<\/p>\n<p>Mitscherlich PartmbB<br \/>\nKarlstra\u00dfe 7<br \/>\n80333 M\u00fcnchen, Deutschland<\/p>\n<p>T +49 89 55231-0<br \/>\nF +49 89 5502435<\/p>\n<p>Email: info@mitscherlich.de<\/p>\n","protected":false},"excerpt":{"rendered":"<p>Das gesamte Design, alle Texte, Grafiken sowie deren Auswahl und Anordnung sind urheberrechtlich gesch\u00fctzt. Die folgenden Informationen werden im Hinblick auf die Bestimmungen des deutschen Telemediengesetzes gegeben. Die Kanzlei ist als Partnerschaft mit beschr\u00e4nkter Berufshaftung (PartmbB) nach dem deutschen Partnerschaftsgesellschaftsgesetz (PartGG) organisiert. Die Gesellschaft ist beim Amtsgericht M\u00fcnchen unter der Registernummer PR50. eingetragen. Gesetzlicher Vertreter:&#8230; <a class=\"read-more\" href=\"https:\/\/www.mitscherlich.de\/de\/impressum\/\">more<\/a><\/p>\n","protected":false},"author":1,"featured_media":0,"parent":0,"menu_order":0,"comment_status":"closed","ping_status":"closed","template":"","meta":{"_acf_changed":false,"footnotes":""},"class_list":["post-1082","page","type-page","status-publish","hentry"],"acf":[],"yoast_head":"<!-- This site is optimized with the Yoast SEO plugin v27.4 - https:\/\/yoast.com\/product\/yoast-seo-wordpress\/ -->\n<title>Impressum - Rechtliche Hinweise - MITSCHERLICH | Patent- und Rechtsanw\u00e4lte Partnerschaft mbB<\/title>\n<meta name=\"robots\" content=\"index, follow, max-snippet:-1, max-image-preview:large, max-video-preview:-1\" \/>\n<link rel=\"canonical\" href=\"https:\/\/www.mitscherlich.de\/de\/impressum\/\" \/>\n<meta property=\"og:locale\" content=\"de_DE\" \/>\n<meta property=\"og:type\" content=\"article\" \/>\n<meta property=\"og:title\" content=\"Impressum - Rechtliche Hinweise - MITSCHERLICH | Patent- und Rechtsanw\u00e4lte Partnerschaft mbB\" \/>\n<meta property=\"og:description\" content=\"Das gesamte Design, alle Texte, Grafiken sowie deren Auswahl und Anordnung sind urheberrechtlich gesch\u00fctzt. Die folgenden Informationen werden im Hinblick auf die Bestimmungen des deutschen Telemediengesetzes gegeben. Die Kanzlei ist als Partnerschaft mit beschr\u00e4nkter Berufshaftung (PartmbB) nach dem deutschen Partnerschaftsgesellschaftsgesetz (PartGG) organisiert. Die Gesellschaft ist beim Amtsgericht M\u00fcnchen unter der Registernummer PR50. eingetragen. Gesetzlicher Vertreter:... more\" \/>\n<meta property=\"og:url\" content=\"https:\/\/www.mitscherlich.de\/de\/impressum\/\" \/>\n<meta property=\"og:site_name\" content=\"MITSCHERLICH | Patent- und Rechtsanw\u00e4lte Partnerschaft mbB\" \/>\n<meta property=\"article:modified_time\" content=\"2024-02-29T10:47:34+00:00\" \/>\n<meta name=\"twitter:card\" content=\"summary_large_image\" \/>\n<meta name=\"twitter:label1\" content=\"Gesch\u00e4tzte Lesezeit\" \/>\n\t<meta name=\"twitter:data1\" content=\"2\u00a0Minuten\" \/>\n<script type=\"application\/ld+json\" class=\"yoast-schema-graph\">{\"@context\":\"https:\\\/\\\/schema.org\",\"@graph\":[{\"@type\":\"WebPage\",\"@id\":\"https:\\\/\\\/www.mitscherlich.de\\\/de\\\/impressum\\\/\",\"url\":\"https:\\\/\\\/www.mitscherlich.de\\\/de\\\/impressum\\\/\",\"name\":\"Impressum - Rechtliche Hinweise - MITSCHERLICH | Patent- und Rechtsanw\u00e4lte Partnerschaft mbB\",\"isPartOf\":{\"@id\":\"https:\\\/\\\/www.mitscherlich.de\\\/de\\\/#website\"},\"datePublished\":\"2016-01-18T15:15:37+00:00\",\"dateModified\":\"2024-02-29T10:47:34+00:00\",\"breadcrumb\":{\"@id\":\"https:\\\/\\\/www.mitscherlich.de\\\/de\\\/impressum\\\/#breadcrumb\"},\"inLanguage\":\"de\",\"potentialAction\":[{\"@type\":\"ReadAction\",\"target\":[\"https:\\\/\\\/www.mitscherlich.de\\\/de\\\/impressum\\\/\"]}]},{\"@type\":\"BreadcrumbList\",\"@id\":\"https:\\\/\\\/www.mitscherlich.de\\\/de\\\/impressum\\\/#breadcrumb\",\"itemListElement\":[{\"@type\":\"ListItem\",\"position\":1,\"name\":\"Home\",\"item\":\"https:\\\/\\\/www.mitscherlich.de\\\/de\\\/home\\\/\"},{\"@type\":\"ListItem\",\"position\":2,\"name\":\"Impressum &#8211; Rechtliche Hinweise\"}]},{\"@type\":\"WebSite\",\"@id\":\"https:\\\/\\\/www.mitscherlich.de\\\/de\\\/#website\",\"url\":\"https:\\\/\\\/www.mitscherlich.de\\\/de\\\/\",\"name\":\"MITSCHERLICH | Patent- und Rechtsanw\u00e4lte Partnerschaft mbB\",\"description\":\"\",\"potentialAction\":[{\"@type\":\"SearchAction\",\"target\":{\"@type\":\"EntryPoint\",\"urlTemplate\":\"https:\\\/\\\/www.mitscherlich.de\\\/de\\\/?s={search_term_string}\"},\"query-input\":{\"@type\":\"PropertyValueSpecification\",\"valueRequired\":true,\"valueName\":\"search_term_string\"}}],\"inLanguage\":\"de\"}]}<\/script>\n<!-- \/ Yoast SEO plugin. -->","yoast_head_json":{"title":"Impressum - Rechtliche Hinweise - MITSCHERLICH | Patent- und Rechtsanw\u00e4lte Partnerschaft mbB","robots":{"index":"index","follow":"follow","max-snippet":"max-snippet:-1","max-image-preview":"max-image-preview:large","max-video-preview":"max-video-preview:-1"},"canonical":"https:\/\/www.mitscherlich.de\/de\/impressum\/","og_locale":"de_DE","og_type":"article","og_title":"Impressum - Rechtliche Hinweise - MITSCHERLICH | Patent- und Rechtsanw\u00e4lte Partnerschaft mbB","og_description":"Das gesamte Design, alle Texte, Grafiken sowie deren Auswahl und Anordnung sind urheberrechtlich gesch\u00fctzt. Die folgenden Informationen werden im Hinblick auf die Bestimmungen des deutschen Telemediengesetzes gegeben. Die Kanzlei ist als Partnerschaft mit beschr\u00e4nkter Berufshaftung (PartmbB) nach dem deutschen Partnerschaftsgesellschaftsgesetz (PartGG) organisiert. Die Gesellschaft ist beim Amtsgericht M\u00fcnchen unter der Registernummer PR50. eingetragen. Gesetzlicher Vertreter:... more","og_url":"https:\/\/www.mitscherlich.de\/de\/impressum\/","og_site_name":"MITSCHERLICH | Patent- und Rechtsanw\u00e4lte Partnerschaft mbB","article_modified_time":"2024-02-29T10:47:34+00:00","twitter_card":"summary_large_image","twitter_misc":{"Gesch\u00e4tzte Lesezeit":"2\u00a0Minuten"},"schema":{"@context":"https:\/\/schema.org","@graph":[{"@type":"WebPage","@id":"https:\/\/www.mitscherlich.de\/de\/impressum\/","url":"https:\/\/www.mitscherlich.de\/de\/impressum\/","name":"Impressum - Rechtliche Hinweise - MITSCHERLICH | Patent- und Rechtsanw\u00e4lte Partnerschaft mbB","isPartOf":{"@id":"https:\/\/www.mitscherlich.de\/de\/#website"},"datePublished":"2016-01-18T15:15:37+00:00","dateModified":"2024-02-29T10:47:34+00:00","breadcrumb":{"@id":"https:\/\/www.mitscherlich.de\/de\/impressum\/#breadcrumb"},"inLanguage":"de","potentialAction":[{"@type":"ReadAction","target":["https:\/\/www.mitscherlich.de\/de\/impressum\/"]}]},{"@type":"BreadcrumbList","@id":"https:\/\/www.mitscherlich.de\/de\/impressum\/#breadcrumb","itemListElement":[{"@type":"ListItem","position":1,"name":"Home","item":"https:\/\/www.mitscherlich.de\/de\/home\/"},{"@type":"ListItem","position":2,"name":"Impressum &#8211; Rechtliche Hinweise"}]},{"@type":"WebSite","@id":"https:\/\/www.mitscherlich.de\/de\/#website","url":"https:\/\/www.mitscherlich.de\/de\/","name":"MITSCHERLICH | Patent- und Rechtsanw\u00e4lte Partnerschaft mbB","description":"","potentialAction":[{"@type":"SearchAction","target":{"@type":"EntryPoint","urlTemplate":"https:\/\/www.mitscherlich.de\/de\/?s={search_term_string}"},"query-input":{"@type":"PropertyValueSpecification","valueRequired":true,"valueName":"search_term_string"}}],"inLanguage":"de"}]}},"_links":{"self":[{"href":"https:\/\/www.mitscherlich.de\/de\/wp-json\/wp\/v2\/pages\/1082","targetHints":{"allow":["GET"]}}],"collection":[{"href":"https:\/\/www.mitscherlich.de\/de\/wp-json\/wp\/v2\/pages"}],"about":[{"href":"https:\/\/www.mitscherlich.de\/de\/wp-json\/wp\/v2\/types\/page"}],"author":[{"embeddable":true,"href":"https:\/\/www.mitscherlich.de\/de\/wp-json\/wp\/v2\/users\/1"}],"replies":[{"embeddable":true,"href":"https:\/\/www.mitscherlich.de\/de\/wp-json\/wp\/v2\/comments?post=1082"}],"version-history":[{"count":2,"href":"https:\/\/www.mitscherlich.de\/de\/wp-json\/wp\/v2\/pages\/1082\/revisions"}],"predecessor-version":[{"id":1284,"href":"https:\/\/www.mitscherlich.de\/de\/wp-json\/wp\/v2\/pages\/1082\/revisions\/1284"}],"wp:attachment":[{"href":"https:\/\/www.mitscherlich.de\/de\/wp-json\/wp\/v2\/media?parent=1082"}],"curies":[{"name":"wp","href":"https:\/\/api.w.org\/{rel}","templated":true}]}}