{"id":1086,"date":"2016-01-18T23:00:40","date_gmt":"2016-01-18T22:00:40","guid":{"rendered":"https:\/\/www.mitscherlich.de\/tatigkeitsbereiche\/"},"modified":"2024-02-29T11:51:48","modified_gmt":"2024-02-29T10:51:48","slug":"tatigkeitsbereiche","status":"publish","type":"page","link":"https:\/\/www.mitscherlich.de\/de\/tatigkeitsbereiche\/","title":{"rendered":"T\u00e4tigkeitsbereiche"},"content":{"rendered":"<p>Die Sicherung, Verteidigung und Durchsetzung der Patent-, Marken- und Designrechte unserer internationalen Mandantschaft ist die Grundlage f\u00fcr den Ruf von Mitscherlich als erste Adresse f\u00fcr gewerblichen Rechtsschutz in Deutschland.<\/p>\n<p>Zu unseren Mandanten z\u00e4hlen sowohl gro\u00dfe internationale Konzerne als auch mittelst\u00e4ndische Unternehmen aus der ganzen Welt, insbesondere aus Europa, Asien und Amerika. Bei Bedarf unterst\u00fctzen unsere Rechtsanw\u00e4lte unsere Patentanw\u00e4lte bei der Bildung individueller Prozessteams, die auf die besonderen Bed\u00fcrfnisse des Mandanten und auf einzelne F\u00e4lle zugeschnitten sind, in denen Patente, Marken und Designs gegen Wettbewerber geltend gemacht oder verteidigt werden.<\/p>\n<p>Technologien verflechten sich in einer modernen Welt. Im Folgenden finden Sie eine Auswahl der rechtlichen und technischen Bereiche, in denen wir bei Mitscherlich t\u00e4tig sind und aus denen wir Teams bilden, um eine Vielzahl von Mandanten zu betreuen.<\/p>\n","protected":false},"excerpt":{"rendered":"<p>Die Sicherung, Verteidigung und Durchsetzung der Patent-, Marken- und Designrechte unserer internationalen Mandantschaft ist die Grundlage f\u00fcr den Ruf von Mitscherlich als erste Adresse f\u00fcr gewerblichen Rechtsschutz in Deutschland. Zu unseren Mandanten z\u00e4hlen sowohl gro\u00dfe internationale Konzerne als auch mittelst\u00e4ndische Unternehmen aus der ganzen Welt, insbesondere aus Europa, Asien und Amerika. Bei Bedarf unterst\u00fctzen unsere&#8230; <a class=\"read-more\" href=\"https:\/\/www.mitscherlich.de\/de\/tatigkeitsbereiche\/\">more<\/a><\/p>\n","protected":false},"author":1,"featured_media":0,"parent":0,"menu_order":0,"comment_status":"closed","ping_status":"closed","template":"page-templates\/practice-area-template.php","meta":{"_acf_changed":false,"footnotes":""},"class_list":["post-1086","page","type-page","status-publish","hentry"],"acf":[],"yoast_head":"<!-- This site is optimized with the Yoast SEO plugin v27.4 - https:\/\/yoast.com\/product\/yoast-seo-wordpress\/ -->\n<title>T\u00e4tigkeitsbereiche - MITSCHERLICH | Patent- und Rechtsanw\u00e4lte Partnerschaft mbB<\/title>\n<meta name=\"robots\" content=\"index, follow, max-snippet:-1, max-image-preview:large, max-video-preview:-1\" \/>\n<link rel=\"canonical\" href=\"https:\/\/www.mitscherlich.de\/de\/tatigkeitsbereiche\/\" \/>\n<meta property=\"og:locale\" content=\"de_DE\" \/>\n<meta property=\"og:type\" content=\"article\" \/>\n<meta property=\"og:title\" content=\"T\u00e4tigkeitsbereiche - MITSCHERLICH | Patent- und Rechtsanw\u00e4lte Partnerschaft mbB\" \/>\n<meta property=\"og:description\" content=\"Die Sicherung, Verteidigung und Durchsetzung der Patent-, Marken- und Designrechte unserer internationalen Mandantschaft ist die Grundlage f\u00fcr den Ruf von Mitscherlich als erste Adresse f\u00fcr gewerblichen Rechtsschutz in Deutschland. Zu unseren Mandanten z\u00e4hlen sowohl gro\u00dfe internationale Konzerne als auch mittelst\u00e4ndische Unternehmen aus der ganzen Welt, insbesondere aus Europa, Asien und Amerika. Bei Bedarf unterst\u00fctzen unsere... more\" \/>\n<meta property=\"og:url\" content=\"https:\/\/www.mitscherlich.de\/de\/tatigkeitsbereiche\/\" \/>\n<meta property=\"og:site_name\" content=\"MITSCHERLICH | Patent- und Rechtsanw\u00e4lte Partnerschaft mbB\" \/>\n<meta property=\"article:modified_time\" content=\"2024-02-29T10:51:48+00:00\" \/>\n<meta name=\"twitter:card\" content=\"summary_large_image\" \/>\n<meta name=\"twitter:label1\" content=\"Gesch\u00e4tzte Lesezeit\" \/>\n\t<meta name=\"twitter:data1\" content=\"1\u00a0Minute\" \/>\n<script type=\"application\/ld+json\" class=\"yoast-schema-graph\">{\"@context\":\"https:\\\/\\\/schema.org\",\"@graph\":[{\"@type\":\"WebPage\",\"@id\":\"https:\\\/\\\/www.mitscherlich.de\\\/de\\\/tatigkeitsbereiche\\\/\",\"url\":\"https:\\\/\\\/www.mitscherlich.de\\\/de\\\/tatigkeitsbereiche\\\/\",\"name\":\"T\u00e4tigkeitsbereiche - MITSCHERLICH | Patent- und Rechtsanw\u00e4lte Partnerschaft mbB\",\"isPartOf\":{\"@id\":\"https:\\\/\\\/www.mitscherlich.de\\\/de\\\/#website\"},\"datePublished\":\"2016-01-18T22:00:40+00:00\",\"dateModified\":\"2024-02-29T10:51:48+00:00\",\"breadcrumb\":{\"@id\":\"https:\\\/\\\/www.mitscherlich.de\\\/de\\\/tatigkeitsbereiche\\\/#breadcrumb\"},\"inLanguage\":\"de\",\"potentialAction\":[{\"@type\":\"ReadAction\",\"target\":[\"https:\\\/\\\/www.mitscherlich.de\\\/de\\\/tatigkeitsbereiche\\\/\"]}]},{\"@type\":\"BreadcrumbList\",\"@id\":\"https:\\\/\\\/www.mitscherlich.de\\\/de\\\/tatigkeitsbereiche\\\/#breadcrumb\",\"itemListElement\":[{\"@type\":\"ListItem\",\"position\":1,\"name\":\"Home\",\"item\":\"https:\\\/\\\/www.mitscherlich.de\\\/de\\\/home\\\/\"},{\"@type\":\"ListItem\",\"position\":2,\"name\":\"T\u00e4tigkeitsbereiche\"}]},{\"@type\":\"WebSite\",\"@id\":\"https:\\\/\\\/www.mitscherlich.de\\\/de\\\/#website\",\"url\":\"https:\\\/\\\/www.mitscherlich.de\\\/de\\\/\",\"name\":\"MITSCHERLICH | Patent- und Rechtsanw\u00e4lte Partnerschaft mbB\",\"description\":\"\",\"potentialAction\":[{\"@type\":\"SearchAction\",\"target\":{\"@type\":\"EntryPoint\",\"urlTemplate\":\"https:\\\/\\\/www.mitscherlich.de\\\/de\\\/?s={search_term_string}\"},\"query-input\":{\"@type\":\"PropertyValueSpecification\",\"valueRequired\":true,\"valueName\":\"search_term_string\"}}],\"inLanguage\":\"de\"}]}<\/script>\n<!-- \/ Yoast SEO plugin. -->","yoast_head_json":{"title":"T\u00e4tigkeitsbereiche - MITSCHERLICH | Patent- und Rechtsanw\u00e4lte Partnerschaft mbB","robots":{"index":"index","follow":"follow","max-snippet":"max-snippet:-1","max-image-preview":"max-image-preview:large","max-video-preview":"max-video-preview:-1"},"canonical":"https:\/\/www.mitscherlich.de\/de\/tatigkeitsbereiche\/","og_locale":"de_DE","og_type":"article","og_title":"T\u00e4tigkeitsbereiche - MITSCHERLICH | Patent- und Rechtsanw\u00e4lte Partnerschaft mbB","og_description":"Die Sicherung, Verteidigung und Durchsetzung der Patent-, Marken- und Designrechte unserer internationalen Mandantschaft ist die Grundlage f\u00fcr den Ruf von Mitscherlich als erste Adresse f\u00fcr gewerblichen Rechtsschutz in Deutschland. Zu unseren Mandanten z\u00e4hlen sowohl gro\u00dfe internationale Konzerne als auch mittelst\u00e4ndische Unternehmen aus der ganzen Welt, insbesondere aus Europa, Asien und Amerika. Bei Bedarf unterst\u00fctzen unsere... more","og_url":"https:\/\/www.mitscherlich.de\/de\/tatigkeitsbereiche\/","og_site_name":"MITSCHERLICH | Patent- und Rechtsanw\u00e4lte Partnerschaft mbB","article_modified_time":"2024-02-29T10:51:48+00:00","twitter_card":"summary_large_image","twitter_misc":{"Gesch\u00e4tzte Lesezeit":"1\u00a0Minute"},"schema":{"@context":"https:\/\/schema.org","@graph":[{"@type":"WebPage","@id":"https:\/\/www.mitscherlich.de\/de\/tatigkeitsbereiche\/","url":"https:\/\/www.mitscherlich.de\/de\/tatigkeitsbereiche\/","name":"T\u00e4tigkeitsbereiche - MITSCHERLICH | Patent- und Rechtsanw\u00e4lte Partnerschaft mbB","isPartOf":{"@id":"https:\/\/www.mitscherlich.de\/de\/#website"},"datePublished":"2016-01-18T22:00:40+00:00","dateModified":"2024-02-29T10:51:48+00:00","breadcrumb":{"@id":"https:\/\/www.mitscherlich.de\/de\/tatigkeitsbereiche\/#breadcrumb"},"inLanguage":"de","potentialAction":[{"@type":"ReadAction","target":["https:\/\/www.mitscherlich.de\/de\/tatigkeitsbereiche\/"]}]},{"@type":"BreadcrumbList","@id":"https:\/\/www.mitscherlich.de\/de\/tatigkeitsbereiche\/#breadcrumb","itemListElement":[{"@type":"ListItem","position":1,"name":"Home","item":"https:\/\/www.mitscherlich.de\/de\/home\/"},{"@type":"ListItem","position":2,"name":"T\u00e4tigkeitsbereiche"}]},{"@type":"WebSite","@id":"https:\/\/www.mitscherlich.de\/de\/#website","url":"https:\/\/www.mitscherlich.de\/de\/","name":"MITSCHERLICH | Patent- und Rechtsanw\u00e4lte Partnerschaft mbB","description":"","potentialAction":[{"@type":"SearchAction","target":{"@type":"EntryPoint","urlTemplate":"https:\/\/www.mitscherlich.de\/de\/?s={search_term_string}"},"query-input":{"@type":"PropertyValueSpecification","valueRequired":true,"valueName":"search_term_string"}}],"inLanguage":"de"}]}},"_links":{"self":[{"href":"https:\/\/www.mitscherlich.de\/de\/wp-json\/wp\/v2\/pages\/1086","targetHints":{"allow":["GET"]}}],"collection":[{"href":"https:\/\/www.mitscherlich.de\/de\/wp-json\/wp\/v2\/pages"}],"about":[{"href":"https:\/\/www.mitscherlich.de\/de\/wp-json\/wp\/v2\/types\/page"}],"author":[{"embeddable":true,"href":"https:\/\/www.mitscherlich.de\/de\/wp-json\/wp\/v2\/users\/1"}],"replies":[{"embeddable":true,"href":"https:\/\/www.mitscherlich.de\/de\/wp-json\/wp\/v2\/comments?post=1086"}],"version-history":[{"count":5,"href":"https:\/\/www.mitscherlich.de\/de\/wp-json\/wp\/v2\/pages\/1086\/revisions"}],"predecessor-version":[{"id":1288,"href":"https:\/\/www.mitscherlich.de\/de\/wp-json\/wp\/v2\/pages\/1086\/revisions\/1288"}],"wp:attachment":[{"href":"https:\/\/www.mitscherlich.de\/de\/wp-json\/wp\/v2\/media?parent=1086"}],"curies":[{"name":"wp","href":"https:\/\/api.w.org\/{rel}","templated":true}]}}